{"id":11601,"date":"2026-04-01T15:11:28","date_gmt":"2026-04-01T11:11:28","guid":{"rendered":"https:\/\/qafqazkredit.az\/?page_id=11601"},"modified":"2026-04-07T00:17:55","modified_gmt":"2026-04-06T20:17:55","slug":"maliyy%c9%99-maarifl%c9%99ndirilm%c9%99si","status":"publish","type":"page","link":"https:\/\/qafqazkredit.az\/en\/maliyy%c9%99-maarifl%c9%99ndirilm%c9%99si\/","title":{"rendered":"Financial education"},"content":{"rendered":"<div id=\"ez-toc-container\" class=\"ez-toc-v2_0_82_2 counter-hierarchy ez-toc-counter ez-toc-light-blue ez-toc-container-direction\">\n<div class=\"ez-toc-title-container\">\n<p class=\"ez-toc-title\" style=\"cursor:inherit\">Contents<\/p>\n<span class=\"ez-toc-title-toggle\"><a href=\"#\" class=\"ez-toc-pull-right ez-toc-btn ez-toc-btn-xs ez-toc-btn-default ez-toc-toggle\" aria-label=\"Table of Content\"><span class=\"ez-toc-js-icon-con\"><span class=\"\"><span class=\"eztoc-hide\" style=\"display:none;\">Table of Content<\/span><span class=\"ez-toc-icon-toggle-span\"><svg style=\"fill: #999;color:#999\" xmlns=\"http:\/\/www.w3.org\/2000\/svg\" class=\"list-377408\" width=\"20px\" height=\"20px\" viewbox=\"0 0 24 24\" fill=\"none\"><path d=\"M6 6H4v2h2V6zm14 0H8v2h12V6zM4 11h2v2H4v-2zm16 0H8v2h12v-2zM4 16h2v2H4v-2zm16 0H8v2h12v-2z\" fill=\"currentColor\"><\/path><\/svg><svg style=\"fill: #999;color:#999\" class=\"arrow-unsorted-368013\" xmlns=\"http:\/\/www.w3.org\/2000\/svg\" width=\"10px\" height=\"10px\" viewbox=\"0 0 24 24\" version=\"1.2\" baseprofile=\"tiny\"><path d=\"M18.2 9.3l-6.2-6.3-6.2 6.3c-.2.2-.3.4-.3.7s.1.5.3.7c.2.2.4.3.7.3h11c.3 0 .5-.1.7-.3.2-.2.3-.5.3-.7s-.1-.5-.3-.7zM5.8 14.7l6.2 6.3 6.2-6.3c.2-.2.3-.5.3-.7s-.1-.5-.3-.7c-.2-.2-.4-.3-.7-.3h-11c-.3 0-.5.1-.7.3-.2.2-.3.5-.3.7s.1.5.3.7z\"\/><\/svg><\/span><\/span><\/span><\/a><\/span><\/div>\n<nav><ul class='ez-toc-list ez-toc-list-level-1' ><li class='ez-toc-page-1 ez-toc-heading-level-2'><a class=\"ez-toc-link ez-toc-heading-1\" href=\"https:\/\/qafqazkredit.az\/en\/maliyy%c9%99-maarifl%c9%99ndirilm%c9%99si\/#Qlobal_Pul_H%C9%99ft%C9%99si_2026_c%C9%99rciv%C9%99sind%C9%99_maarifl%C9%99ndirici_posterl%C9%99r\" >Educational posters as part of Global Money Week 2026<\/a><\/li><li class='ez-toc-page-1 ez-toc-heading-level-2'><a class=\"ez-toc-link ez-toc-heading-2\" href=\"https:\/\/qafqazkredit.az\/en\/maliyy%c9%99-maarifl%c9%99ndirilm%c9%99si\/#_16-19_mart_2026_tarixli_posterl%C9%99r\" >\u00a0Posters from March 16-19, 2026<\/a><\/li><\/ul><\/nav><\/div>\n\t\t<div data-elementor-type=\"wp-page\" data-elementor-id=\"11601\" class=\"elementor elementor-11601\">\n\t\t\t\t\t\t<section class=\"elementor-section elementor-top-section elementor-element elementor-element-2a0ad7b8 elementor-section-boxed elementor-section-height-default elementor-section-height-default\" data-id=\"2a0ad7b8\" data-element_type=\"section\" data-e-type=\"section\">\n\t\t\t\t\t\t<div class=\"elementor-container elementor-column-gap-default\">\n\t\t\t\t\t<div class=\"elementor-column elementor-col-100 elementor-top-column elementor-element elementor-element-56eca4ab\" data-id=\"56eca4ab\" data-element_type=\"column\" data-e-type=\"column\">\n\t\t\t<div class=\"elementor-widget-wrap elementor-element-populated\">\n\t\t\t\t\t\t<div class=\"elementor-element elementor-element-3a68d6ba elementor-widget__width-initial elementor-widget elementor-widget-text-editor\" data-id=\"3a68d6ba\" data-element_type=\"widget\" data-e-type=\"widget\" data-widget_type=\"text-editor.default\">\n\t\t\t\t<div class=\"elementor-widget-container\">\n\t\t\t\t\t\t\t\t\t<h2><\/h2>\n<hr class=\"wp-block-separator has-alpha-channel-opacity\" \/>\n<p><\/p>\n<p>In modern times, financial literacy is one of the main pillars of the well-being and financial security of every citizen. Within the framework of the \"Action Plan for Financial Education for 2026\" approved by the Central Bank of the Republic of Azerbaijan, increasing the financial knowledge of the population, developing the skills to make the right financial decisions and effectively use financial services are among the priority areas.<\/p>\n<p><\/p>\n<p>This page presents activities, educational initiatives, and relevant resources implemented by non-bank credit organizations (NBCOs) during 2026, organized by the Azerbaijan Microfinance Association.<\/p>\n<p><h2 style=\"font-size: 27px;letter-spacing: 0px;text-transform: None;, sans-serif;font-weight: Normal;line-height: 40px\" class=\"ub_advanced_heading wp-block-ub-advanced-heading\" id=\"ub-advanced-heading-00867ac7-c5fa-44b3-a4dc-be033c582567\" data-blockid=\"00867ac7-c5fa-44b3-a4dc-be033c582567\"><span class=\"ez-toc-section\" id=\"Qlobal_Pul_H%C9%99ft%C9%99si_2026_c%C9%99rciv%C9%99sind%C9%99_maarifl%C9%99ndirici_posterl%C9%99r\"><\/span><strong>Educational posters as part of Global Money Week 2026<\/strong><span class=\"ez-toc-section-end\"><\/span><\/h2><\/p>\n<p>As part of the Global Money Week 2026 (#GlobalMoneyWeek2026, #SmartMoneyTalks, #FinancialLiteracy) campaign, educational posters were prepared to promote financial literacy on March 16\u201319, 2026. These materials aim to support the improvement of the population's financial behavior, making sound financial decisions, and forming habits for the effective use of financial instruments.<\/p>\n<p>\u00a0<\/p>\n<p><\/p>\n<h2 class=\"wp-block-heading\"><span class=\"ez-toc-section\" id=\"_16-19_mart_2026_tarixli_posterl%C9%99r\"><\/span>\u00a0Posters from March 16-19, 2026<span class=\"ez-toc-section-end\"><\/span><\/h2>\n<p><\/p>\t\t\t\t\t\t\t\t<\/div>\n\t\t\t\t<\/div>\n\t\t\t\t\t<\/div>\n\t\t<\/div>\n\t\t\t\t\t<\/div>\n\t\t<\/section>\n\t\t\t\t<section class=\"elementor-section elementor-top-section elementor-element elementor-element-b1a1316 elementor-section-boxed elementor-section-height-default elementor-section-height-default\" data-id=\"b1a1316\" data-element_type=\"section\" data-e-type=\"section\">\n\t\t\t\t\t\t<div class=\"elementor-container elementor-column-gap-default\">\n\t\t\t\t\t<div class=\"elementor-column elementor-col-100 elementor-top-column elementor-element elementor-element-682a937\" data-id=\"682a937\" data-element_type=\"column\" data-e-type=\"column\">\n\t\t\t<div class=\"elementor-widget-wrap elementor-element-populated\">\n\t\t\t\t\t\t<div class=\"elementor-element elementor-element-8c54310 elementor-arrows-position-inside elementor-pagination-position-outside elementor-widget elementor-widget-image-carousel\" data-id=\"8c54310\" data-element_type=\"widget\" data-e-type=\"widget\" data-settings=\"{&quot;slides_to_show&quot;:&quot;3&quot;,&quot;navigation&quot;:&quot;both&quot;,&quot;autoplay&quot;:&quot;yes&quot;,&quot;pause_on_hover&quot;:&quot;yes&quot;,&quot;pause_on_interaction&quot;:&quot;yes&quot;,&quot;autoplay_speed&quot;:5000,&quot;infinite&quot;:&quot;yes&quot;,&quot;speed&quot;:500,&quot;image_spacing_custom&quot;:{&quot;unit&quot;:&quot;px&quot;,&quot;size&quot;:20,&quot;sizes&quot;:[]},&quot;image_spacing_custom_tablet&quot;:{&quot;unit&quot;:&quot;px&quot;,&quot;size&quot;:&quot;&quot;,&quot;sizes&quot;:[]},&quot;image_spacing_custom_mobile&quot;:{&quot;unit&quot;:&quot;px&quot;,&quot;size&quot;:&quot;&quot;,&quot;sizes&quot;:[]}}\" data-widget_type=\"image-carousel.default\">\n\t\t\t\t<div class=\"elementor-widget-container\">\n\t\t\t\t\t\t\t<div class=\"elementor-image-carousel-wrapper swiper\" role=\"region\" aria-roledescription=\"carousel\" aria-label=\"Image Carousel\" dir=\"ltr\">\n\t\t\t<div class=\"elementor-image-carousel swiper-wrapper\" aria-live=\"off\">\n\t\t\t\t\t\t\t\t<div class=\"swiper-slide\" role=\"group\" aria-roledescription=\"slide\" aria-label=\"1 of 12\" data-no-translation-aria-label=\"\"><figure class=\"swiper-slide-inner\"><img decoding=\"async\" class=\"swiper-slide-image\" src=\"https:\/\/qafqazkredit.az\/wp-content\/uploads\/2026\/04\/16-mart-2026-poster_1-2.jpg\" alt=\"16 mart 2026 poster_1\" \/><figcaption class=\"elementor-image-carousel-caption\">16 mart 2026 poster_1<\/figcaption><\/figure><\/div><div class=\"swiper-slide\" role=\"group\" aria-roledescription=\"slide\" aria-label=\"2 of 12\" data-no-translation-aria-label=\"\"><figure class=\"swiper-slide-inner\"><img decoding=\"async\" class=\"swiper-slide-image\" src=\"https:\/\/qafqazkredit.az\/wp-content\/uploads\/2026\/04\/16-mart-2026-poster_2-1.jpg\" alt=\"16 mart 2026 poster_2\" \/><figcaption class=\"elementor-image-carousel-caption\">16 mart 2026 poster_2<\/figcaption><\/figure><\/div><div class=\"swiper-slide\" role=\"group\" aria-roledescription=\"slide\" aria-label=\"3 of 12\" data-no-translation-aria-label=\"\"><figure class=\"swiper-slide-inner\"><img decoding=\"async\" class=\"swiper-slide-image\" src=\"https:\/\/qafqazkredit.az\/wp-content\/uploads\/2026\/04\/16-mart-2026-poster_3.jpg\" alt=\"16 mart 2026 poster_3\" \/><figcaption class=\"elementor-image-carousel-caption\">16 mart 2026 poster_3<\/figcaption><\/figure><\/div><div class=\"swiper-slide\" role=\"group\" aria-roledescription=\"slide\" aria-label=\"4 of 12\" data-no-translation-aria-label=\"\"><figure class=\"swiper-slide-inner\"><img decoding=\"async\" class=\"swiper-slide-image\" src=\"https:\/\/qafqazkredit.az\/wp-content\/uploads\/2026\/03\/17-mart-poster_1-QK-Sayt.jpg\" alt=\"17 mart 2026 poster_1\" \/><figcaption class=\"elementor-image-carousel-caption\">17 mart 2026 poster_1<\/figcaption><\/figure><\/div><div class=\"swiper-slide\" role=\"group\" aria-roledescription=\"slide\" aria-label=\"5 of 12\" data-no-translation-aria-label=\"\"><figure class=\"swiper-slide-inner\"><img decoding=\"async\" class=\"swiper-slide-image\" src=\"https:\/\/qafqazkredit.az\/wp-content\/uploads\/2026\/03\/17-mart-poster_2-QK-Sayt.jpg\" alt=\"17 mart 2026 poster-2\" \/><figcaption class=\"elementor-image-carousel-caption\">17 mart 2026 poster-2<\/figcaption><\/figure><\/div><div class=\"swiper-slide\" role=\"group\" aria-roledescription=\"slide\" aria-label=\"6 of 12\" data-no-translation-aria-label=\"\"><figure class=\"swiper-slide-inner\"><img decoding=\"async\" class=\"swiper-slide-image\" src=\"https:\/\/qafqazkredit.az\/wp-content\/uploads\/2026\/03\/17-mart-poster_3-QK-Sayt.jpg\" alt=\"17 mart 2026 poster_3\" \/><figcaption class=\"elementor-image-carousel-caption\">17 mart 2026 poster_3<\/figcaption><\/figure><\/div><div class=\"swiper-slide\" role=\"group\" aria-roledescription=\"slide\" aria-label=\"7 of 12\" data-no-translation-aria-label=\"\"><figure class=\"swiper-slide-inner\"><img decoding=\"async\" class=\"swiper-slide-image\" src=\"https:\/\/qafqazkredit.az\/wp-content\/uploads\/2026\/03\/18-mart-poster_1-QK-Sayt.jpg\" alt=\"18 mart 2026 poster_1\" \/><figcaption class=\"elementor-image-carousel-caption\">18 mart 2026 poster_1<\/figcaption><\/figure><\/div><div class=\"swiper-slide\" role=\"group\" aria-roledescription=\"slide\" aria-label=\"8 of 12\" data-no-translation-aria-label=\"\"><figure class=\"swiper-slide-inner\"><img decoding=\"async\" class=\"swiper-slide-image\" src=\"https:\/\/qafqazkredit.az\/wp-content\/uploads\/2026\/03\/18-mart-poster_2-QK-Sayt.jpg\" alt=\"18 mart 2026 poster_2\" \/><figcaption class=\"elementor-image-carousel-caption\">18 mart 2026 poster_2<\/figcaption><\/figure><\/div><div class=\"swiper-slide\" role=\"group\" aria-roledescription=\"slide\" aria-label=\"9 of 12\" data-no-translation-aria-label=\"\"><figure class=\"swiper-slide-inner\"><img decoding=\"async\" class=\"swiper-slide-image\" src=\"https:\/\/qafqazkredit.az\/wp-content\/uploads\/2026\/03\/18-mart-poster_3-QK-Sayt.jpg\" alt=\"18 mart 2026 poster_3\" \/><figcaption class=\"elementor-image-carousel-caption\">18 mart 2026 poster_3<\/figcaption><\/figure><\/div><div class=\"swiper-slide\" role=\"group\" aria-roledescription=\"slide\" aria-label=\"10 of 12\" data-no-translation-aria-label=\"\"><figure class=\"swiper-slide-inner\"><img decoding=\"async\" class=\"swiper-slide-image\" src=\"https:\/\/qafqazkredit.az\/wp-content\/uploads\/2026\/03\/19-mart-poster_1-QK-Sayt.jpg\" alt=\"19 mart 2026 poster_1\" \/><figcaption class=\"elementor-image-carousel-caption\">19 mart 2026 poster_1<\/figcaption><\/figure><\/div><div class=\"swiper-slide\" role=\"group\" aria-roledescription=\"slide\" aria-label=\"11 of 12\" data-no-translation-aria-label=\"\"><figure class=\"swiper-slide-inner\"><img decoding=\"async\" class=\"swiper-slide-image\" src=\"https:\/\/qafqazkredit.az\/wp-content\/uploads\/2026\/03\/SmartMoneyTalks.jpg\" alt=\"19 mart 2026 poster_2\" \/><figcaption class=\"elementor-image-carousel-caption\">19 mart 2026 poster_2<\/figcaption><\/figure><\/div><div class=\"swiper-slide\" role=\"group\" aria-roledescription=\"slide\" aria-label=\"12 of 12\" data-no-translation-aria-label=\"\"><figure class=\"swiper-slide-inner\"><img decoding=\"async\" class=\"swiper-slide-image\" src=\"https:\/\/qafqazkredit.az\/wp-content\/uploads\/2026\/03\/Maliyy\u0259Savadliligi.jpg\" alt=\"19 mart 2026 poster_3\" \/><figcaption class=\"elementor-image-carousel-caption\">19 mart 2026 poster_3<\/figcaption><\/figure><\/div>\t\t\t<\/div>\n\t\t\t\t\t\t\t\t\t\t\t\t<div class=\"elementor-swiper-button elementor-swiper-button-prev\" role=\"button\" tabindex=\"0\">\n\t\t\t\t\t\t<i aria-hidden=\"true\" class=\"eicon-chevron-left\"><\/i>\t\t\t\t\t<\/div>\n\t\t\t\t\t<div class=\"elementor-swiper-button elementor-swiper-button-next\" role=\"button\" tabindex=\"0\">\n\t\t\t\t\t\t<i aria-hidden=\"true\" class=\"eicon-chevron-right\"><\/i>\t\t\t\t\t<\/div>\n\t\t\t\t\n\t\t\t\t\t\t\t\t\t<div class=\"swiper-pagination\"><\/div>\n\t\t\t\t\t\t\t\t\t<\/div>\n\t\t\t\t\t\t<\/div>\n\t\t\t\t<\/div>\n\t\t\t\t\t<\/div>\n\t\t<\/div>\n\t\t\t\t\t<\/div>\n\t\t<\/section>\n\t\t\t\t<\/div>","protected":false},"excerpt":{"rendered":"<p>M\u00fcasir d\u00f6vrd\u0259 maliyy\u0259 savadl\u0131l\u0131\u011f\u0131 h\u0259r bir v\u0259t\u0259nda\u015f\u0131n rifah\u0131n\u0131n v\u0259 maliyy\u0259 t\u0259hl\u00fck\u0259sizliyinin \u0259sas s\u00fctunlar\u0131ndan biridir. Az\u0259rbaycan Respublikas\u0131n\u0131n M\u0259rk\u0259zi Bank\u0131 t\u0259r\u0259find\u0259n t\u0259sdiq edilmi\u015f \u201cMaliyy\u0259 Maarifl\u0259ndirilm\u0259si \u00fczr\u0259 2026-c\u0131 ilin F\u0259aliyy\u0259t Plan\u0131\u201d \u00e7\u0259r\u00e7iv\u0259sind\u0259 \u0259halinin maliyy\u0259 bilikl\u0259rinin art\u0131r\u0131lmas\u0131, d\u00fczg\u00fcn maliyy\u0259 q\u0259rarlar\u0131n\u0131n verilm\u0259si v\u0259 maliyy\u0259 xidm\u0259tl\u0259rind\u0259n s\u0259m\u0259r\u0259li istifad\u0259 bacar\u0131qlar\u0131n\u0131n inki\u015faf etdirilm\u0259si prioritet istiqam\u0259tl\u0259rd\u0259ndir. Bu s\u0259hif\u0259d\u0259 Az\u0259rbaycan Mikromaliyy\u0259 Assosiasiyas\u0131 t\u0259\u015fkilat\u00e7\u0131l\u0131\u011f\u0131 il\u0259 2026-c\u0131 [&hellip;]<\/p>\n","protected":false},"author":1,"featured_media":0,"parent":0,"menu_order":0,"comment_status":"closed","ping_status":"closed","template":"","meta":{"footnotes":""},"class_list":["post-11601","page","type-page","status-publish","hentry"],"featured_image_src":null,"_links":{"self":[{"href":"https:\/\/qafqazkredit.az\/en\/wp-json\/wp\/v2\/pages\/11601","targetHints":{"allow":["GET"]}}],"collection":[{"href":"https:\/\/qafqazkredit.az\/en\/wp-json\/wp\/v2\/pages"}],"about":[{"href":"https:\/\/qafqazkredit.az\/en\/wp-json\/wp\/v2\/types\/page"}],"author":[{"embeddable":true,"href":"https:\/\/qafqazkredit.az\/en\/wp-json\/wp\/v2\/users\/1"}],"replies":[{"embeddable":true,"href":"https:\/\/qafqazkredit.az\/en\/wp-json\/wp\/v2\/comments?post=11601"}],"version-history":[{"count":35,"href":"https:\/\/qafqazkredit.az\/en\/wp-json\/wp\/v2\/pages\/11601\/revisions"}],"predecessor-version":[{"id":11667,"href":"https:\/\/qafqazkredit.az\/en\/wp-json\/wp\/v2\/pages\/11601\/revisions\/11667"}],"wp:attachment":[{"href":"https:\/\/qafqazkredit.az\/en\/wp-json\/wp\/v2\/media?parent=11601"}],"curies":[{"name":"wp","href":"https:\/\/api.w.org\/{rel}","templated":true}]}}