{"id":7714,"date":"2023-08-26T13:58:32","date_gmt":"2023-08-26T09:58:32","guid":{"rendered":"https:\/\/qafqazkredit.az\/?page_id=7714"},"modified":"2024-03-01T17:32:31","modified_gmt":"2024-03-01T13:32:31","slug":"vebinar","status":"publish","type":"page","link":"https:\/\/qafqazkredit.az\/en\/vebinar\/","title":{"rendered":"Vebinar"},"content":{"rendered":"<figure class=\"wp-block-image size-full is-style-rounded\"><img decoding=\"async\" width=\"152\" height=\"89\" src=\"https:\/\/qafqazkredit.az\/wp-content\/uploads\/2023\/08\/Host-vebinar-image-152x89-2.jpg\" alt=\"\" class=\"wp-image-7751\" srcset=\"https:\/\/qafqazkredit.az\/wp-content\/uploads\/2023\/08\/Host-vebinar-image-152x89-2.jpg 152w, https:\/\/qafqazkredit.az\/wp-content\/uploads\/2023\/08\/Host-vebinar-image-152x89-2-150x89.jpg 150w, https:\/\/qafqazkredit.az\/wp-content\/uploads\/2023\/08\/Host-vebinar-image-152x89-2-18x12.jpg 18w\" sizes=\"(max-width: 152px) 100vw, 152px\" \/><\/figure>\n\n\n\n<div class=\"wp-block-jitsi-meet-wp-jitsi-meet jitsi-wrapper\" data-name=\"D\u00fcnya Bank\u0131n\u0131n B-Ready hesabat\u0131na dair m\u00fc\u015ft\u0259ril\u0259rin maarifl\u0259ndirilm\u0259si\" data-domain=\"video.devloprog.org\" data-width=\"1080\" data-height=\"720\" data-mute=\"false\" data-videomute=\"false\" data-screen=\"true\" data-invite=\"true\" style=\"width:1080px\"><\/div>","protected":false},"excerpt":{"rendered":"","protected":false},"author":1,"featured_media":0,"parent":0,"menu_order":0,"comment_status":"open","ping_status":"closed","template":"elementor_header_footer","meta":{"footnotes":""},"class_list":["post-7714","page","type-page","status-publish","hentry"],"featured_image_src":null,"_links":{"self":[{"href":"https:\/\/qafqazkredit.az\/en\/wp-json\/wp\/v2\/pages\/7714","targetHints":{"allow":["GET"]}}],"collection":[{"href":"https:\/\/qafqazkredit.az\/en\/wp-json\/wp\/v2\/pages"}],"about":[{"href":"https:\/\/qafqazkredit.az\/en\/wp-json\/wp\/v2\/types\/page"}],"author":[{"embeddable":true,"href":"https:\/\/qafqazkredit.az\/en\/wp-json\/wp\/v2\/users\/1"}],"replies":[{"embeddable":true,"href":"https:\/\/qafqazkredit.az\/en\/wp-json\/wp\/v2\/comments?post=7714"}],"version-history":[{"count":39,"href":"https:\/\/qafqazkredit.az\/en\/wp-json\/wp\/v2\/pages\/7714\/revisions"}],"predecessor-version":[{"id":9252,"href":"https:\/\/qafqazkredit.az\/en\/wp-json\/wp\/v2\/pages\/7714\/revisions\/9252"}],"wp:attachment":[{"href":"https:\/\/qafqazkredit.az\/en\/wp-json\/wp\/v2\/media?parent=7714"}],"curies":[{"name":"wp","href":"https:\/\/api.w.org\/{rel}","templated":true}]}}